{"id":6217,"date":"2023-03-02T10:14:18","date_gmt":"2023-03-02T10:14:18","guid":{"rendered":"https:\/\/realitymax.com\/aviso-legal\/"},"modified":"2024-09-04T08:58:57","modified_gmt":"2024-09-04T08:58:57","slug":"aviso-legal","status":"publish","type":"page","link":"https:\/\/realitymax.com\/es\/aviso-legal\/","title":{"rendered":"Aviso legal"},"content":{"rendered":"\t\t<div data-elementor-type=\"wp-page\" data-elementor-id=\"6217\" class=\"elementor elementor-6217 elementor-354\" data-elementor-post-type=\"page\">\n\t\t\t\t\t\t<section class=\"elementor-section elementor-top-section elementor-element elementor-element-c622507 elementor-section-boxed elementor-section-height-default elementor-section-height-default\" data-id=\"c622507\" data-element_type=\"section\" data-e-type=\"section\" data-settings=\"{&quot;background_background&quot;:&quot;classic&quot;}\">\n\t\t\t\t\t\t<div class=\"elementor-container elementor-column-gap-default\">\n\t\t\t\t\t<div class=\"elementor-column elementor-col-100 elementor-top-column elementor-element elementor-element-b250aa1\" data-id=\"b250aa1\" data-element_type=\"column\" data-e-type=\"column\">\n\t\t\t<div class=\"elementor-widget-wrap elementor-element-populated\">\n\t\t\t\t\t\t<div class=\"elementor-element elementor-element-079a107 elementor-widget elementor-widget-text-editor\" data-id=\"079a107\" data-element_type=\"widget\" data-e-type=\"widget\" data-widget_type=\"text-editor.default\">\n\t\t\t\t<div class=\"elementor-widget-container\">\n\t\t\t\t\t\t\t\t\t<h2>AVISO LEGAL Y CONDICIONES DE USO DE REALITY MAX<\/h2>\n<p><strong>AVISO LEGAL<\/strong><\/p>\n<p>ACEPTACI\u00d3N DE LAS CONDICIONES DE USO CONTENIDO DE LA WEB USO DE LA WEB CONTENIDOS Y SERVICIOS ENLAZADOS A TRAV\u00c9S DE LA WEB DERECHOS DE PROPIEDAD INTELECTUAL E INDUSTRIAL EXENCI\u00d3N DE RESPONSABILIDAD ACTUALIZACI\u00d3N DE ESTAS CONDICIONES LEGISLACI\u00d3N Y JURISDICCI\u00d3N APLICABLE<\/p>\n<p>AVISO LEGAL<\/p>\n<p>En cumplimiento de la normativa vigente y en aras de la transparencia, ponemos a tu disposici\u00f3n los datos del titular y responsable del sitio web:<\/p>\n<p><strong>Nombre<\/strong><br>ATOMIC PIXELS, S.L.<\/p>\n<p><strong>NRT<\/strong><br>L-716228-F<\/p>\n<p><strong>Direcci\u00f3n<\/strong><br>4253 Bella Vista Drive<br>Sun Peaks, BC V0E 5N0<br>Canad\u00e1<\/p>\n<p><strong>Tel\u00e9fono<\/strong><br>+1 954 256 0795<\/p>\n<p><strong>Correo electr\u00f3nico<\/strong><br>legals@realitymax.com<\/p>\n<h3>ACEPTACI\u00d3N DE LAS CONDICIONES DE USO<\/h3>\n<p>Las presentes condiciones de uso y Aviso Legal, as\u00ed como la<a href=\"https:\/\/realitymax.com\/privacy\/\" target=\"_blank\">Pol\u00edtica de Privacidad de<\/a>&nbsp;<a href=\"https:\/\/realitymax.com\/privacy\/\" target=\"_blank\">&nbsp; y la<\/a><a href=\"https:\/\/realitymax.com\/cookie-policy\/\" target=\"_blank\">Pol\u00edtica de Cookies de<\/a>&nbsp;<a href=\"https:\/\/realitymax.com\/cookie-policy\/\" target=\"_blank\">, regulan el acceso y utilizaci\u00f3n del sitio web por tu parte como usuario del mismo.<\/a><\/p>\n<p>El hecho de utilizar la web supone que has le\u00eddo y aceptas esta informaci\u00f3n legal.<\/p>\n<h2><span style=\"font-weight: normal;\">CONTENIDO DE LA WEB<\/span><\/h2>\n<p>El sitio web alojado bajo el nombre de dominio www.realitymax.com constituye un sitio web corporativo que ofrece informaci\u00f3n sobre los servicios y productos ofrecidos por ATOMIC PIXELS, S.L., en adelante REALITY MAX, como entidad que permite crear y modificar f\u00e1cilmente escenas 3D en un espacio virtual alojado en un sitio web.<\/p>\n<p>REALITY MAX es un sitio web que te permite subir archivos 2D y 3D a nuestra Plataforma, crear una escena 3D y modificarla in situ.\nPuedes invitar a otras personas a colaborar contigo en tiempo real.\nEl sitio web tambi\u00e9n aloja diferentes modelos y texturas para que los utilices en tu escena.\nLos proporcionamos nosotros u otros usuarios, que los suben y los ponen a disposici\u00f3n de todos.   <\/p>\n<p>Una vez que la escena est\u00e9 lista, podr\u00e1s guardarla en tu biblioteca y publicarla y compartirla.\nPuedes elegir si quieres que tus creaciones sean p\u00fablicas o no, ya que puedes hacer que s\u00f3lo sean accesibles para quienes tengan un enlace o contrase\u00f1a a tu escena.\nLos modelos o escenas creados no pueden descargarse.  <\/p>\n<h3>USO DE LA WEB<\/h3>\n<p>Como usuario, te comprometes a hacer un uso correcto y l\u00edcito de los contenidos y recursos accesibles desde este sitio web, respetando siempre a los dem\u00e1s usuarios.<\/p>\n<p>Como usuario, renuncias a utilizar cualquier recurso o informaci\u00f3n contenida en esta web con fines o efectos il\u00edcitos, ilegales o contrarios a la buena fe y al orden p\u00fablico, as\u00ed como emplear cualquier medio que pueda da\u00f1ar, inutilizar o impedir el normal uso de los recursos e informaciones contenidos en la web, o los sistemas de informaci\u00f3n, documentos, archivos y toda clase de contenidos almacenados en cualquier equipo inform\u00e1tico de la empresa, de sus miembros o de cualquier otro usuario de la web.\nSi incumples cualquiera de estas obligaciones, deber\u00e1s responder de todos los da\u00f1os y perjuicios causados. <\/p>\n<p>REALITY MAX se reserva el derecho a dejar de prestar el servicio y a retirar los contenidos ilegales, sin perjuicio de la responsabilidad por da\u00f1os y perjuicios que se pudiera derivar.\nDicha suspensi\u00f3n o retirada no dar\u00e1 derecho a indemnizaci\u00f3n alguna. <\/p>\n<h3>CONTENIDOS Y SERVICIOS ENLAZADOS A TRAV\u00c9S DE LA WEB<\/h3>\n<p>Los enlaces o links que contiene este sitio web pueden conducirte a contenidos o sitios web gestionados por terceros, de los que no se responsabiliza, por lo que REALITY MAX no responde ni del estado ni de los contenidos de dichos sitios web ni implica que recomiende o apruebe sus contenidos.<br>En cualquier caso, el acceso a estos sitios web implica que deber\u00e1s someterte a sus propias pol\u00edticas legales, sin responsabilidad alguna por parte de REALITY MAX.<\/p>\n<h3>DERECHOS DE PROPIEDAD INTELECTUAL E INDUSTRIAL<\/h3>\n<p>Todos los materiales e informaci\u00f3n contenidos en la web de REALITY MAX est\u00e1n sujetos a la normativa vigente sobre Propiedad Intelectual y\/o Industrial.<br>ATOMIC PIXELS, S.L. es titular de los derechos de propiedad industrial e intelectual de la web.<br>La titularidad de cada escena corresponde a su respectivo creador o colaboradores.\nREALITY MAX s\u00f3lo te permite crearla, modificarla y alojarla en su biblioteca.\nQueda prohibida la descarga de las escenas creadas.<br>Por tanto, no se permite la utilizaci\u00f3n de los contenidos de la web para fines distintos de los explicados en los T\u00e9rminos y Condiciones sin la autorizaci\u00f3n expresa y por escrito de la entidad.<br>Cualquier otro uso de la web o de sus contenidos deber\u00e1 tener una finalidad concreta y una autorizaci\u00f3n.<br>Los elementos tales como logotipos o im\u00e1genes que aparezcan en la web, distintos de los<br>REALITY MAX, pertenecen a sus respectivos propietarios por lo que ser\u00e1n ellos los responsables de cualquier posible controversia que pudiera surgir respecto a los mismos.  <\/p>\n<p>Si tienes alguna duda sobre la titularidad de alguno de los contenidos o servicios que se ofrecen a trav\u00e9s de la web, no dudes en ponerte en contacto con nosotros para que te ayudemos.<\/p>\n<h3>EXENCI\u00d3N DE RESPONSABILIDAD<\/h3>\n<p>REALITY MAX velar\u00e1, en la medida de sus posibilidades t\u00e9cnicas y humanas, por el correcto funcionamiento de la web, as\u00ed como porque sus contenidos sean correctos y veraces.<\/p>\n<p>No obstante, REALITY MAX no puede garantizar la ausencia de virus u otros elementos lesivos, introducidos por terceros, que pudieran causar da\u00f1os o alteraciones en el sistema inform\u00e1tico, en los documentos electr\u00f3nicos o en tus ficheros cuando accedas como usuario al sitio web.<\/p>\n<p><strong>Por tanto, REALITY MAX no se hace responsable de:<\/strong><\/p>\n<p>Da\u00f1os y perjuicios derivados del mal uso de la web o sus contenidos por parte de los usuarios, o de cualquier actuaci\u00f3n realizada sobre la base de la informaci\u00f3n que en ella aparece.<\/p>\n<p>Errores u omisiones que pudieran aparecer en los contenidos de la web.<\/p>\n<p>Los da\u00f1os o perjuicios producidos en el software y equipos inform\u00e1ticos de los usuarios o de terceros por el incumplimiento de las presentes condiciones de uso por tu parte, como usuario, o debidos a fallos o desconexiones en las redes de telecomunicaciones que produzcan la suspensi\u00f3n, cancelaci\u00f3n o interrupci\u00f3n del servicio del web antes o durante la prestaci\u00f3n del mismo.<\/p>\n<p>Es tu responsabilidad, como usuario, disponer de las herramientas adecuadas para la detecci\u00f3n y desinfecci\u00f3n de programas inform\u00e1ticos da\u00f1inos.<\/p>\n<h3>ACTUALIZACI\u00d3N DE ESTAS CONDICIONES<\/h3>\n<p>REALITY MAX te informa que estas condiciones de uso, el resto de textos legales y, en general, cualquier elemento que forme parte del dise\u00f1o y configuraci\u00f3n de la web, pueden ser modificados cambiando este formulario y la fecha de actualizaci\u00f3n que aparece en la cabecera de la informaci\u00f3n legal.<\/p>\n<p>Los nuevos efectos producidos por la modificaci\u00f3n ser\u00e1n vinculantes una vez sea publicada en la web.<br>Por ello, es importante que aceptes el enlace a las condiciones aplicables a la web en cada momento.<\/p>\n<h3>LEGISLACI\u00d3N Y JURISDICCI\u00d3N APLICABLES<\/h3>\n<p>Estas condiciones de uso se regir\u00e1n e interpretar\u00e1n de acuerdo con la legislaci\u00f3n de Andorra y cualquier disputa relacionada con el sitio web de REALITY MAX se tramitar\u00e1 ante la jurisdicci\u00f3n de Andorra.<\/p>\t\t\t\t\t\t\t\t<\/div>\n\t\t\t\t<\/div>\n\t\t\t\t\t<\/div>\n\t\t<\/div>\n\t\t\t\t\t<\/div>\n\t\t<\/section>\n\t\t\t\t<\/div>\n\t\t","protected":false},"excerpt":{"rendered":"<p>AVISO LEGAL Y CONDICIONES DE USO DE REALITY MAX AVISO LEGAL ACEPTACI\u00d3N DE LAS CONDICIONES DE USO CONTENIDO DE LA WEB USO DE LA WEB CONTENIDOS Y SERVICIOS ENLAZADOS A TRAV\u00c9S DE LA WEB DERECHOS DE PROPIEDAD INTELECTUAL E INDUSTRIAL EXENCI\u00d3N DE RESPONSABILIDAD ACTUALIZACI\u00d3N DE ESTAS CONDICIONES LEGISLACI\u00d3N Y JURISDICCI\u00d3N APLICABLE AVISO LEGAL En cumplimiento [&hellip;]<\/p>\n","protected":false},"author":1,"featured_media":0,"parent":0,"menu_order":0,"comment_status":"closed","ping_status":"closed","template":"elementor_theme","meta":{"footnotes":""},"class_list":["post-6217","page","type-page","status-publish","hentry"],"_links":{"self":[{"href":"https:\/\/realitymax.com\/es\/wp-json\/wp\/v2\/pages\/6217","targetHints":{"allow":["GET"]}}],"collection":[{"href":"https:\/\/realitymax.com\/es\/wp-json\/wp\/v2\/pages"}],"about":[{"href":"https:\/\/realitymax.com\/es\/wp-json\/wp\/v2\/types\/page"}],"author":[{"embeddable":true,"href":"https:\/\/realitymax.com\/es\/wp-json\/wp\/v2\/users\/1"}],"replies":[{"embeddable":true,"href":"https:\/\/realitymax.com\/es\/wp-json\/wp\/v2\/comments?post=6217"}],"version-history":[{"count":1,"href":"https:\/\/realitymax.com\/es\/wp-json\/wp\/v2\/pages\/6217\/revisions"}],"predecessor-version":[{"id":6218,"href":"https:\/\/realitymax.com\/es\/wp-json\/wp\/v2\/pages\/6217\/revisions\/6218"}],"wp:attachment":[{"href":"https:\/\/realitymax.com\/es\/wp-json\/wp\/v2\/media?parent=6217"}],"curies":[{"name":"wp","href":"https:\/\/api.w.org\/{rel}","templated":true}]}}